{"id":2203,"date":"2026-02-13T20:02:28","date_gmt":"2026-02-13T20:02:28","guid":{"rendered":"https:\/\/naranjabrand.com\/?page_id=2203"},"modified":"2026-02-18T14:30:10","modified_gmt":"2026-02-18T14:30:10","slug":"servicios_nb","status":"publish","type":"page","link":"https:\/\/naranjabrand.com\/index.php\/servicios_nb\/","title":{"rendered":"Servicios"},"content":{"rendered":"\t\t<div data-elementor-type=\"wp-page\" data-elementor-id=\"2203\" class=\"elementor elementor-2203\" data-elementor-post-type=\"page\">\n\t\t\t\t\t\t<section class=\"elementor-section elementor-top-section elementor-element elementor-element-72df4ff5 elementor-hidden-tablet elementor-hidden-mobile elementor-section-boxed elementor-section-height-default elementor-section-height-default\" data-id=\"72df4ff5\" data-element_type=\"section\">\n\t\t\t\t\t\t<div class=\"elementor-container elementor-column-gap-default\">\n\t\t\t\t\t<div class=\"elementor-column elementor-col-33 elementor-top-column elementor-element elementor-element-ed07f9e\" data-id=\"ed07f9e\" data-element_type=\"column\">\n\t\t\t<div class=\"elementor-widget-wrap elementor-element-populated\">\n\t\t\t\t\t\t<div class=\"elementor-element elementor-element-76e5d31d elementor-widget elementor-widget-html\" data-id=\"76e5d31d\" data-element_type=\"widget\" data-widget_type=\"html.default\">\n\t\t\t\t<div class=\"elementor-widget-container\">\n\t\t\t\t\t<div style=\"background-color: #FFDC00; padding: 50px 20px; font-family: 'Poppins', sans-serif; color: #222222; text-align: left; width: 100%; max-width: 1280px; margin: auto; border-radius: 12px;\">\n\n  <!-- \u00cdcono -->\n  <img decoding=\"async\" src=\"https:\/\/orangeadcreative.com\/wp-content\/uploads\/2025\/06\/Icon_research-2.png\" alt=\"Contact Icon\" style=\"width: 80px; height: 80px; margin-bottom: 110px;\">\n\n  <!-- Texto principal -->\n  <h2 style=\"font-size: 10px; margin: 0 0 px 0; color: #222222;\"><\/h2>\n  <p style=\"font-size: 36px; margin: 0 0 4px 0; text-transform: none; line-height: 1.2;\">\n    Creemos juntos<br \/>tu pr\u00f3ximo<br \/>gran proyecto.\n  <\/p>\n\n\n<\/div>\n\t\t\t\t<\/div>\n\t\t\t\t<\/div>\n\t\t\t\t\t<\/div>\n\t\t<\/div>\n\t\t\t\t<div class=\"elementor-column elementor-col-66 elementor-top-column elementor-element elementor-element-5d7a4031\" data-id=\"5d7a4031\" data-element_type=\"column\">\n\t\t\t<div class=\"elementor-widget-wrap elementor-element-populated\">\n\t\t\t\t\t\t<div class=\"elementor-element elementor-element-153e67a7 elementor-widget elementor-widget-image\" data-id=\"153e67a7\" data-element_type=\"widget\" data-widget_type=\"image.default\">\n\t\t\t\t<div class=\"elementor-widget-container\">\n\t\t\t\t\t\t\t\t\t\t\t\t\t\t\t<img fetchpriority=\"high\" decoding=\"async\" width=\"1536\" height=\"957\" src=\"https:\/\/naranjabrand.com\/wp-content\/uploads\/2026\/02\/trabajadores_orange-1-1536x957.jpg\" class=\"attachment-1536x1536 size-1536x1536 wp-image-2206\" alt=\"\" srcset=\"https:\/\/naranjabrand.com\/wp-content\/uploads\/2026\/02\/trabajadores_orange-1-1536x957.jpg 1536w, https:\/\/naranjabrand.com\/wp-content\/uploads\/2026\/02\/trabajadores_orange-1-300x187.jpg 300w, https:\/\/naranjabrand.com\/wp-content\/uploads\/2026\/02\/trabajadores_orange-1-1024x638.jpg 1024w, https:\/\/naranjabrand.com\/wp-content\/uploads\/2026\/02\/trabajadores_orange-1-768x478.jpg 768w, https:\/\/naranjabrand.com\/wp-content\/uploads\/2026\/02\/trabajadores_orange-1.jpg 1936w\" sizes=\"(max-width: 1536px) 100vw, 1536px\" \/>\t\t\t\t\t\t\t\t\t\t\t\t\t\t\t<\/div>\n\t\t\t\t<\/div>\n\t\t\t\t\t<\/div>\n\t\t<\/div>\n\t\t\t\t\t<\/div>\n\t\t<\/section>\n\t\t\t\t<section class=\"elementor-section elementor-top-section elementor-element elementor-element-5eae253d elementor-hidden-desktop elementor-section-boxed elementor-section-height-default elementor-section-height-default\" data-id=\"5eae253d\" data-element_type=\"section\">\n\t\t\t\t\t\t<div class=\"elementor-container elementor-column-gap-default\">\n\t\t\t\t\t<div class=\"elementor-column elementor-col-33 elementor-top-column elementor-element elementor-element-14463cd2\" data-id=\"14463cd2\" data-element_type=\"column\">\n\t\t\t<div class=\"elementor-widget-wrap elementor-element-populated\">\n\t\t\t\t\t\t<div class=\"elementor-element elementor-element-675f7802 elementor-widget elementor-widget-html\" data-id=\"675f7802\" data-element_type=\"widget\" data-widget_type=\"html.default\">\n\t\t\t\t<div class=\"elementor-widget-container\">\n\t\t\t\t\t<div style=\"background-color: #FFDC00; padding: 10px 20px; font-family: 'Poppins', sans-serif; color: #222222; text-align: left; width: 100%; max-width: 1280px; margin: auto; border-radius: 12px;\">\n\n  <!-- \u00cdcono -->\n  <img decoding=\"async\" src=\"https:\/\/orangeadcreative.com\/wp-content\/uploads\/2025\/06\/Icon_research-2.png\" alt=\"Contact Icon\" style=\"width: 80px; height: 80px; margin-bottom: 0px;\">\n\n  <!-- Texto principal -->\n  <h2 style=\"font-size: 10px; margin: 0 0 px 0; color: #222222;\">CONTACT<\/h2>\n  <p style=\"font-size: 25px; margin: 0 0 4px 0; text-transform: none; line-height: 1.2;\">\n    Let\u2019s create your<br \/>next big project<br \/>together.\n  <\/p>\n\n\n<\/div>\n\t\t\t\t<\/div>\n\t\t\t\t<\/div>\n\t\t\t\t\t<\/div>\n\t\t<\/div>\n\t\t\t\t<div class=\"elementor-column elementor-col-66 elementor-top-column elementor-element elementor-element-558b5931\" data-id=\"558b5931\" data-element_type=\"column\">\n\t\t\t<div class=\"elementor-widget-wrap elementor-element-populated\">\n\t\t\t\t\t\t<div class=\"elementor-element elementor-element-7d1d41ec elementor-widget elementor-widget-image\" data-id=\"7d1d41ec\" data-element_type=\"widget\" data-widget_type=\"image.default\">\n\t\t\t\t<div class=\"elementor-widget-container\">\n\t\t\t\t\t\t\t\t\t\t\t\t\t\t\t<img decoding=\"async\" width=\"1936\" height=\"1206\" src=\"https:\/\/naranjabrand.com\/wp-content\/uploads\/2026\/02\/trabajadores_orange-1.jpg\" class=\"attachment-2048x2048 size-2048x2048 wp-image-2206\" alt=\"\" srcset=\"https:\/\/naranjabrand.com\/wp-content\/uploads\/2026\/02\/trabajadores_orange-1.jpg 1936w, https:\/\/naranjabrand.com\/wp-content\/uploads\/2026\/02\/trabajadores_orange-1-300x187.jpg 300w, https:\/\/naranjabrand.com\/wp-content\/uploads\/2026\/02\/trabajadores_orange-1-1024x638.jpg 1024w, https:\/\/naranjabrand.com\/wp-content\/uploads\/2026\/02\/trabajadores_orange-1-768x478.jpg 768w, https:\/\/naranjabrand.com\/wp-content\/uploads\/2026\/02\/trabajadores_orange-1-1536x957.jpg 1536w\" sizes=\"(max-width: 1936px) 100vw, 1936px\" \/>\t\t\t\t\t\t\t\t\t\t\t\t\t\t\t<\/div>\n\t\t\t\t<\/div>\n\t\t\t\t\t<\/div>\n\t\t<\/div>\n\t\t\t\t\t<\/div>\n\t\t<\/section>\n\t\t\t\t<section class=\"elementor-section elementor-top-section elementor-element elementor-element-68a91072 elementor-section-boxed elementor-section-height-default elementor-section-height-default\" data-id=\"68a91072\" data-element_type=\"section\">\n\t\t\t\t\t\t<div class=\"elementor-container elementor-column-gap-default\">\n\t\t\t\t\t<div class=\"elementor-column elementor-col-20 elementor-top-column elementor-element elementor-element-41844bf7\" data-id=\"41844bf7\" data-element_type=\"column\">\n\t\t\t<div class=\"elementor-widget-wrap elementor-element-populated\">\n\t\t\t\t\t\t<div class=\"elementor-element elementor-element-6ac52808 elementor-widget elementor-widget-text-editor\" data-id=\"6ac52808\" data-element_type=\"widget\" data-widget_type=\"text-editor.default\">\n\t\t\t\t<div class=\"elementor-widget-container\">\n\t\t\t\t\t\t\t\t\t<div style=\"width: 210px; font-family: sans-serif; text-transform: uppercase; color: #000; text-align: left;\"><style>\n    .icon-animate {<br \/>\n      transition: transform 0.3s ease;<br \/>\n    }<br \/>\n    .icon-animate:hover {<br \/>\n      transform: scale(1.05) translateY(-3px);<br \/>\n    }<br \/>\n    .item-animate {<br \/>\n      transition: transform 0.3s ease;<br \/>\n      display: inline-block;<br \/>\n    }<br \/>\n    .item-animate:hover {<br \/>\n      transform: translateX(5px);<br \/>\n    }<br \/>\n  <\/style><p><!-- \u00cdcono y t\u00edtulo alineados a la izquierda --><\/p><div style=\"margin-bottom: 8px;\"><img decoding=\"async\" class=\"icon-animate\" style=\"width: 80px; height: 80px;\" src=\"https:\/\/orangeadcreative.com\/wp-content\/uploads\/2025\/06\/icono_campaings-1.png\" alt=\"Icono\" \/><h4 style=\"font-size: 18px; margin: 18px 0 12px 0;\">campaigns<\/h4><\/div><p><!-- Lista de \u00edtems con separadores --><\/p><h6 class=\"item-animate\" style=\"margin: 8px 0; font-size: 10px;\">Redes sociales \u2013 TV \u2013 Radio<\/h6><hr style=\"margin: 4px 0;\" \/><h6 class=\"item-animate\" style=\"margin: 8px 0; font-size: 10px;\">Prensa \u2013 Revistas<\/h6><hr style=\"margin: 4px 0;\" \/><h6 class=\"item-animate\" style=\"margin: 8px 0; font-size: 10px;\">Publicidad exterior<\/h6><hr style=\"margin: 4px 0;\" \/><h6 class=\"item-animate\" style=\"margin: 8px 0; font-size: 10px;\">Email \u2013 Impresos<\/h6><hr style=\"margin: 4px 0;\" \/><\/div>\t\t\t\t\t\t\t\t<\/div>\n\t\t\t\t<\/div>\n\t\t\t\t\t<\/div>\n\t\t<\/div>\n\t\t\t\t<div class=\"elementor-column elementor-col-20 elementor-top-column elementor-element elementor-element-7dc78cd\" data-id=\"7dc78cd\" data-element_type=\"column\">\n\t\t\t<div class=\"elementor-widget-wrap elementor-element-populated\">\n\t\t\t\t\t\t<div class=\"elementor-element elementor-element-65364683 elementor-widget elementor-widget-text-editor\" data-id=\"65364683\" data-element_type=\"widget\" data-widget_type=\"text-editor.default\">\n\t\t\t\t<div class=\"elementor-widget-container\">\n\t\t\t\t\t\t\t\t\t<div style=\"width: 210px; font-family: sans-serif; text-transform: uppercase; color: #000; text-align: left;\"><p><style>\n    .icon-animate {<br \/>      transition: transform 0.3s ease;<br \/>    }<br \/>    .icon-animate:hover {<br \/>      transform: scale(1.05) translateY(-3px);<br \/>    }<br \/>    .item-animate {<br \/>      transition: transform 0.3s ease;<br \/>      display: inline-block;<br \/>    }<br \/>    .item-animate:hover {<br \/>      transform: translateX(5px);<br \/>    }<br \/>  <\/style><\/p><p><!-- \u00cdcono y t\u00edtulo alineados a la izquierda --><\/p><div style=\"margin-bottom: 8px;\"><p><img decoding=\"async\" class=\"icon-animate\" style=\"width: 80px; height: 80px;\" src=\"https:\/\/orangeadcreative.com\/wp-content\/uploads\/2025\/06\/Icon_digital_web-1.png\" alt=\"Icono\" \/><\/p><h4 style=\"font-size: 18px; margin: 18px 0 12px 0;\">social &#8211; digital\u00a0<\/h4><\/div><p><!-- Lista de \u00edtems con separadores del ancho total --><\/p><h6 class=\"item-animate\" style=\"margin: 8px 0; font-size: 10px;\">Dise\u00f1o y desarrollo web<\/h6><hr style=\"margin: 4px 0;\" \/><h6 class=\"item-animate\" style=\"margin: 8px 0; font-size: 10px;\">Estrategias y campa\u00f1as en redes sociales<\/h6><hr style=\"margin: 4px 0;\" \/><h6 class=\"item-animate\" style=\"margin: 8px 0; font-size: 10px;\">seo &#8211; sem<\/h6><hr style=\"margin: 4px 0;\" \/><h6 class=\"item-animate\" style=\"margin: 8px 0; font-size: 10px;\">landing page &#8211; blog<\/h6><hr style=\"margin: 4px 0;\" \/><h6 class=\"item-animate\" style=\"margin: 8px 0; font-size: 10px;\">An\u00e1lisis y medici\u00f3n de resultados<\/h6><hr style=\"margin: 4px 0;\" \/><\/div>\t\t\t\t\t\t\t\t<\/div>\n\t\t\t\t<\/div>\n\t\t\t\t\t<\/div>\n\t\t<\/div>\n\t\t\t\t<div class=\"elementor-column elementor-col-20 elementor-top-column elementor-element elementor-element-11f7763d\" data-id=\"11f7763d\" data-element_type=\"column\">\n\t\t\t<div class=\"elementor-widget-wrap elementor-element-populated\">\n\t\t\t\t\t\t<div class=\"elementor-element elementor-element-3ca9bcf0 elementor-widget elementor-widget-text-editor\" data-id=\"3ca9bcf0\" data-element_type=\"widget\" data-widget_type=\"text-editor.default\">\n\t\t\t\t<div class=\"elementor-widget-container\">\n\t\t\t\t\t\t\t\t\t<div style=\"width: 210px; font-family: sans-serif; text-transform: uppercase; color: #000; text-align: left;\"><style>\n    .icon-animate {<br \/>\n      transition: transform 0.3s ease;<br \/>\n    }<br \/>\n    .icon-animate:hover {<br \/>\n      transform: scale(1.05) translateY(-3px);<br \/>\n    }<br \/>\n    .item-animate {<br \/>\n      transition: transform 0.3s ease;<br \/>\n      display: inline-block;<br \/>\n    }<br \/>\n    .item-animate:hover {<br \/>\n      transform: translateX(5px);<br \/>\n    }<br \/>\n  <\/style><p><!-- \u00cdcono y t\u00edtulo alineados a la izquierda --><\/p><div style=\"margin-bottom: 8px;\"><img decoding=\"async\" class=\"icon-animate\" style=\"width: 80px; height: 80px;\" src=\"https:\/\/orangeadcreative.com\/wp-content\/uploads\/2025\/06\/Icon_corporate-1.png\" alt=\"Icono\" \/><h4 style=\"font-size: 18px; margin: 18px 0 12px 0;\">Corporativo<\/h4><\/div><p><!-- Lista de \u00edtems con separadores --><\/p><h6 class=\"item-animate\" style=\"margin: 8px 0; font-size: 10px;\">Arquitectura de marca<\/h6><hr style=\"margin: 4px 0;\" \/><h6 class=\"item-animate\" style=\"margin: 8px 0; font-size: 10px;\">Branding<\/h6><hr style=\"margin: 4px 0;\" \/><h6 class=\"item-animate\" style=\"margin: 8px 0; font-size: 10px;\">Dise\u00f1o de logotipo<\/h6><hr style=\"margin: 4px 0;\" \/><h6 class=\"item-animate\" style=\"margin: 8px 0; font-size: 10px;\">Creaci\u00f3n de identidad visual<\/h6><hr style=\"margin: 4px 0;\" \/><h6 class=\"item-animate\" style=\"margin: 8px 0; font-size: 10px;\">Manual de marca<\/h6><hr style=\"margin: 4px 0;\" \/><\/div>\t\t\t\t\t\t\t\t<\/div>\n\t\t\t\t<\/div>\n\t\t\t\t\t<\/div>\n\t\t<\/div>\n\t\t\t\t<div class=\"elementor-column elementor-col-20 elementor-top-column elementor-element elementor-element-3a3b3c71\" data-id=\"3a3b3c71\" data-element_type=\"column\">\n\t\t\t<div class=\"elementor-widget-wrap elementor-element-populated\">\n\t\t\t\t\t\t<div class=\"elementor-element elementor-element-5dbe487a elementor-widget elementor-widget-text-editor\" data-id=\"5dbe487a\" data-element_type=\"widget\" data-widget_type=\"text-editor.default\">\n\t\t\t\t<div class=\"elementor-widget-container\">\n\t\t\t\t\t\t\t\t\t<div style=\"width: 210px; font-family: sans-serif; text-transform: uppercase; color: #000; text-align: left;\"><style>\n    \/* Animaci\u00f3n sutil del \u00edcono *\/<br \/>\n    .icon-animate {<br \/>\n      transition: transform 0.3s ease;<br \/>\n    }<br \/>\n    .icon-animate:hover {<br \/>\n      transform: scale(1.05) translateY(-3px);<br \/>\n    }<\/p>\n<p>    \/* Animaci\u00f3n de texto al pasar el mouse *\/<br \/>\n    .item-animate {<br \/>\n      transition: transform 0.3s ease;<br \/>\n      display: inline-block;<br \/>\n    }<br \/>\n    .item-animate:hover {<br \/>\n      transform: translateX(5px);<br \/>\n    }<br \/>\n  <\/style><p><!-- \u00cdcono y t\u00edtulo alineados a la izquierda --><\/p><div style=\"margin-bottom: 8px;\"><img decoding=\"async\" class=\"icon-animate\" style=\"width: 80px; height: 80px;\" src=\"https:\/\/orangeadcreative.com\/wp-content\/uploads\/2025\/06\/Icon_media-1.png\" alt=\"Icono\" \/><h4 style=\"font-size: 18px; margin: 18px 0 12px 0;\">Medios<\/h4><\/div><p><!-- Lista de \u00edtems con separadores --><\/p><h6 class=\"item-animate\" style=\"margin: 8px 0; font-size: 10px;\">Planificaci\u00f3n de medios<\/h6><hr style=\"margin: 4px 0;\" \/><h6 class=\"item-animate\" style=\"margin: 8px 0; font-size: 10px;\">Compra de medios<\/h6><hr style=\"margin: 4px 0;\" \/><h6 class=\"item-animate\" style=\"margin: 8px 0; font-size: 10px;\">Inbound Marketing<\/h6><hr style=\"margin: 4px 0;\" \/><h6 class=\"item-animate\" style=\"margin: 8px 0; font-size: 10px;\">Publicidad nativa<\/h6><hr style=\"margin: 4px 0;\" \/><\/div>\t\t\t\t\t\t\t\t<\/div>\n\t\t\t\t<\/div>\n\t\t\t\t\t<\/div>\n\t\t<\/div>\n\t\t\t\t<div class=\"elementor-column elementor-col-20 elementor-top-column elementor-element elementor-element-0e11319\" data-id=\"0e11319\" data-element_type=\"column\">\n\t\t\t<div class=\"elementor-widget-wrap elementor-element-populated\">\n\t\t\t\t\t\t<div class=\"elementor-element elementor-element-b3a41bd elementor-widget elementor-widget-text-editor\" data-id=\"b3a41bd\" data-element_type=\"widget\" data-widget_type=\"text-editor.default\">\n\t\t\t\t<div class=\"elementor-widget-container\">\n\t\t\t\t\t\t\t\t\t<div style=\"width: 210px; font-family: sans-serif; text-transform: uppercase; color: #000; text-align: left;\"><style>\n    .icon-animate {<br \/>      transition: transform 0.3s ease;<br \/>    }<br \/>    .icon-animate:hover {<br \/>      transform: scale(1.05) translateY(-3px);<br \/>    }<br \/>    .item-animate {<br \/>      transition: transform 0.3s ease;<br \/>      display: inline-block;<br \/>    }<br \/>    .item-animate:hover {<br \/>      transform: translateX(5px);<br \/>    }<br \/>  <\/style><p><!-- \u00cdcono y t\u00edtulo alineados a la izquierda --><\/p><div style=\"margin-bottom: 8px;\"><p><img decoding=\"async\" class=\"icon-animate\" style=\"width: 80px; height: 80px;\" src=\"https:\/\/orangeadcreative.com\/wp-content\/uploads\/2025\/06\/Icon_digital_web-1.png\" alt=\"Icono\" \/><\/p><h4 style=\"font-size: 18px; margin: 18px 0 12px 0;\">Mercadeo relacional<\/h4><\/div><p><!-- Lista de \u00edtems con separadores del ancho total --><\/p><h6 class=\"item-animate\" style=\"margin: 8px 0; font-size: 10px;\">Plan de mercadeo<\/h6><hr style=\"margin: 4px 0;\" \/><h6 class=\"item-animate\" style=\"margin: 8px 0; font-size: 10px;\">Fidelizaci\u00f3n<\/h6><hr style=\"margin: 4px 0;\" \/><h6 class=\"item-animate\" style=\"margin: 8px 0; font-size: 10px;\">Experiencia del cliente<\/h6><hr style=\"margin: 4px 0;\" \/><\/div>\t\t\t\t\t\t\t\t<\/div>\n\t\t\t\t<\/div>\n\t\t\t\t\t<\/div>\n\t\t<\/div>\n\t\t\t\t\t<\/div>\n\t\t<\/section>\n\t\t\t\t<section class=\"elementor-section elementor-top-section elementor-element elementor-element-36352fa7 elementor-section-boxed elementor-section-height-default elementor-section-height-default\" data-id=\"36352fa7\" data-element_type=\"section\">\n\t\t\t\t\t\t<div class=\"elementor-container elementor-column-gap-default\">\n\t\t\t\t\t<div class=\"elementor-column elementor-col-100 elementor-top-column elementor-element elementor-element-50f61bbe\" data-id=\"50f61bbe\" data-element_type=\"column\">\n\t\t\t<div class=\"elementor-widget-wrap\">\n\t\t\t\t\t\t\t<\/div>\n\t\t<\/div>\n\t\t\t\t\t<\/div>\n\t\t<\/section>\n\t\t\t\t<section class=\"elementor-section elementor-top-section elementor-element elementor-element-4fb408d5 elementor-section-boxed elementor-section-height-default elementor-section-height-default elementor-invisible\" data-id=\"4fb408d5\" data-element_type=\"section\" data-settings=\"{&quot;animation&quot;:&quot;zoomIn&quot;}\">\n\t\t\t\t\t\t<div class=\"elementor-container elementor-column-gap-default\">\n\t\t\t\t\t<div class=\"elementor-column elementor-col-100 elementor-top-column elementor-element elementor-element-6e97d72b\" data-id=\"6e97d72b\" data-element_type=\"column\">\n\t\t\t<div class=\"elementor-widget-wrap elementor-element-populated\">\n\t\t\t\t\t\t<div class=\"elementor-element elementor-element-10a80afd elementor-widget elementor-widget-html\" data-id=\"10a80afd\" data-element_type=\"widget\" data-widget_type=\"html.default\">\n\t\t\t\t<div class=\"elementor-widget-container\">\n\t\t\t\t\t<div style=\"background-color: #FF6600; padding: 40px 20px; font-family: 'Poppins', sans-serif; color: #fff; text-align: left; width: 100%; max-width: 1280px; margin: auto; border-radius: 12px;\">\n\n  <!-- \u00cdcono -->\n  <img decoding=\"async\" src=\"https:\/\/orangeadcreative.com\/wp-content\/uploads\/2025\/06\/contact_icon.png\" alt=\"Contact Icon\" style=\"width: 80px; height: 80px; margin-bottom: 24px;\">\n\n  <!-- Texto principal -->\n  <h2 style=\"font-size: 10px; margin: 0 0 10px 0; color: #fff;\"><\/h2>\n  <p style=\"font-size: 36px; margin: 0 0 4px 0; text-transform: uppercase; line-height: 1.2;\">\n    Creemos<br \/<br \/>juntos.\n  <\/p>\n\n  <!-- Bot\u00f3n alineado a la derecha -->\n  <div style=\"text-align: right;\">\n    <a href=\"https:\/\/w.app\/naranjabrand\" style=\"display: inline-block; margin-top: 24px; padding: 12px 24px; background-color: #0060FB; color: #fff; text-decoration: none; font-weight: 600; font-size: 14px; border-radius: 6px; text-transform: uppercase;\">\n      inicia tu proyecto\n    <\/a>\n  <\/div>\n\n<\/div>\n\t\t\t\t<\/div>\n\t\t\t\t<\/div>\n\t\t\t\t\t<\/div>\n\t\t<\/div>\n\t\t\t\t\t<\/div>\n\t\t<\/section>\n\t\t\t\t<\/div>\n\t\t","protected":false},"excerpt":{"rendered":"<p>Creemos juntostu pr\u00f3ximogran proyecto. CONTACT Let\u2019s create yournext big projecttogether. campaigns Redes sociales \u2013 TV \u2013 Radio Prensa \u2013 Revistas Publicidad exterior Email \u2013 Impresos social &#8211; digital\u00a0 Dise\u00f1o y desarrollo web Estrategias y campa\u00f1as en redes sociales seo &#8211; sem landing page &#8211; blog An\u00e1lisis y medici\u00f3n de resultados Corporativo Arquitectura de marca Branding &hellip;<\/p>\n<p class=\"read-more\"> <a class=\"\" href=\"https:\/\/naranjabrand.com\/index.php\/servicios_nb\/\"> <span class=\"screen-reader-text\">Servicios<\/span> Read More &raquo;<\/a><\/p>\n","protected":false},"author":1,"featured_media":0,"parent":0,"menu_order":0,"comment_status":"closed","ping_status":"closed","template":"","meta":{"om_disable_all_campaigns":false,"_monsterinsights_skip_tracking":false,"_monsterinsights_sitenote_active":false,"_monsterinsights_sitenote_note":"","_monsterinsights_sitenote_category":0,"site-sidebar-layout":"no-sidebar","site-content-layout":"page-builder","ast-global-header-display":"","ast-main-header-display":"","ast-hfb-above-header-display":"","ast-hfb-below-header-display":"","ast-hfb-mobile-header-display":"","site-post-title":"disabled","ast-breadcrumbs-content":"","ast-featured-img":"disabled","footer-sml-layout":"","theme-transparent-header-meta":"","adv-header-id-meta":"","stick-header-meta":"","header-above-stick-meta":"","header-main-stick-meta":"","header-below-stick-meta":"","footnotes":""},"class_list":["post-2203","page","type-page","status-publish","hentry"],"aioseo_notices":[],"_links":{"self":[{"href":"https:\/\/naranjabrand.com\/index.php\/wp-json\/wp\/v2\/pages\/2203","targetHints":{"allow":["GET"]}}],"collection":[{"href":"https:\/\/naranjabrand.com\/index.php\/wp-json\/wp\/v2\/pages"}],"about":[{"href":"https:\/\/naranjabrand.com\/index.php\/wp-json\/wp\/v2\/types\/page"}],"author":[{"embeddable":true,"href":"https:\/\/naranjabrand.com\/index.php\/wp-json\/wp\/v2\/users\/1"}],"replies":[{"embeddable":true,"href":"https:\/\/naranjabrand.com\/index.php\/wp-json\/wp\/v2\/comments?post=2203"}],"version-history":[{"count":22,"href":"https:\/\/naranjabrand.com\/index.php\/wp-json\/wp\/v2\/pages\/2203\/revisions"}],"predecessor-version":[{"id":2267,"href":"https:\/\/naranjabrand.com\/index.php\/wp-json\/wp\/v2\/pages\/2203\/revisions\/2267"}],"wp:attachment":[{"href":"https:\/\/naranjabrand.com\/index.php\/wp-json\/wp\/v2\/media?parent=2203"}],"curies":[{"name":"wp","href":"https:\/\/api.w.org\/{rel}","templated":true}]}}